{"id":12297,"date":"2020-03-03T13:50:30","date_gmt":"2020-03-03T12:50:30","guid":{"rendered":"http:\/\/zpo.podedworze.pl\/?page_id=12297"},"modified":"2020-03-10T06:59:09","modified_gmt":"2020-03-10T05:59:09","slug":"profilaktyka-zdrowotna","status":"publish","type":"page","link":"http:\/\/zpo.podedworze.pl\/index.php\/profilaktyka-zdrowotna\/","title":{"rendered":"Profilaktyka zdrowotna"},"content":{"rendered":"\n<figure class=\"wp-block-embed-wordpress wp-block-embed is-type-wp-embed is-provider-zpo-w-podedworzu\"><div class=\"wp-block-embed__wrapper\">\n<blockquote class=\"wp-embedded-content\" data-secret=\"3VpcbjERbn\"><a href=\"http:\/\/zpo.podedworze.pl\/index.php\/2020\/03\/10\/apel-lubelskiego-kuratora-oswiaty\/\">Apel Lubelskiego Kuratora O\u015bwiaty<\/a><\/blockquote><iframe loading=\"lazy\" title=\"&#8222;Apel Lubelskiego Kuratora O\u015bwiaty&#8221; &#8212; ZPO w Podedw\u00f3rzu\" class=\"wp-embedded-content\" sandbox=\"allow-scripts\" security=\"restricted\" style=\"position: absolute; clip: rect(1px, 1px, 1px, 1px);\" src=\"http:\/\/zpo.podedworze.pl\/index.php\/2020\/03\/10\/apel-lubelskiego-kuratora-oswiaty\/embed\/#?secret=3VpcbjERbn\" data-secret=\"3VpcbjERbn\" width=\"600\" height=\"338\" frameborder=\"0\" marginwidth=\"0\" marginheight=\"0\" scrolling=\"no\"><\/iframe>\n<\/div><\/figure>\n\n\n\n<figure class=\"wp-block-embed-wordpress wp-block-embed is-type-wp-embed is-provider-zpo-w-podedworzu\"><div class=\"wp-block-embed__wrapper\">\n<blockquote class=\"wp-embedded-content\" data-secret=\"JSLNnIDiU6\"><a href=\"http:\/\/zpo.podedworze.pl\/index.php\/2020\/03\/05\/12331\/\">Apel Ministra Edukacji Narodowej<\/a><\/blockquote><iframe loading=\"lazy\" title=\"&#8222;Apel Ministra Edukacji Narodowej&#8221; &#8212; ZPO w Podedw\u00f3rzu\" class=\"wp-embedded-content\" sandbox=\"allow-scripts\" security=\"restricted\" style=\"position: absolute; clip: rect(1px, 1px, 1px, 1px);\" src=\"http:\/\/zpo.podedworze.pl\/index.php\/2020\/03\/05\/12331\/embed\/#?secret=JSLNnIDiU6\" data-secret=\"JSLNnIDiU6\" width=\"600\" height=\"338\" frameborder=\"0\" marginwidth=\"0\" marginheight=\"0\" scrolling=\"no\"><\/iframe>\n<\/div><\/figure>\n\n\n\n<figure class=\"wp-block-embed-wordpress wp-block-embed is-type-wp-embed is-provider-zpo-w-podedworzu\"><div class=\"wp-block-embed__wrapper\">\n<blockquote class=\"wp-embedded-content\" data-secret=\"FAjrny8SgQ\"><a href=\"http:\/\/zpo.podedworze.pl\/index.php\/2020\/03\/03\/profilaktyka-chorob-zakaznych\/\">Profilaktyka chor\u00f3b zaka\u017anych<\/a><\/blockquote><iframe loading=\"lazy\" title=\"&#8222;Profilaktyka chor\u00f3b zaka\u017anych&#8221; &#8212; ZPO w Podedw\u00f3rzu\" class=\"wp-embedded-content\" sandbox=\"allow-scripts\" security=\"restricted\" style=\"position: absolute; clip: rect(1px, 1px, 1px, 1px);\" src=\"http:\/\/zpo.podedworze.pl\/index.php\/2020\/03\/03\/profilaktyka-chorob-zakaznych\/embed\/#?secret=FAjrny8SgQ\" data-secret=\"FAjrny8SgQ\" width=\"600\" height=\"338\" frameborder=\"0\" marginwidth=\"0\" marginheight=\"0\" scrolling=\"no\"><\/iframe>\n<\/div><\/figure>\n\n\n\n<figure class=\"wp-block-embed-wordpress wp-block-embed is-type-wp-embed is-provider-zpo-w-podedworzu\"><div class=\"wp-block-embed__wrapper\">\n<blockquote class=\"wp-embedded-content\" data-secret=\"nPVU4NUuRm\"><a href=\"http:\/\/zpo.podedworze.pl\/index.php\/2020\/02\/28\/co-musisz-wiedziec-o-koronawirusie\/\">Co musisz wiedzie\u0107 o koronawirusie<\/a><\/blockquote><iframe loading=\"lazy\" title=\"&#8222;Co musisz wiedzie\u0107 o koronawirusie&#8221; &#8212; ZPO w Podedw\u00f3rzu\" class=\"wp-embedded-content\" sandbox=\"allow-scripts\" security=\"restricted\" style=\"position: absolute; clip: rect(1px, 1px, 1px, 1px);\" src=\"http:\/\/zpo.podedworze.pl\/index.php\/2020\/02\/28\/co-musisz-wiedziec-o-koronawirusie\/embed\/#?secret=nPVU4NUuRm\" data-secret=\"nPVU4NUuRm\" width=\"600\" height=\"338\" frameborder=\"0\" marginwidth=\"0\" marginheight=\"0\" scrolling=\"no\"><\/iframe>\n<\/div><\/figure>\n\n\n\n<figure class=\"wp-block-embed-wordpress wp-block-embed is-type-wp-embed is-provider-zpo-w-podedworzu\"><div class=\"wp-block-embed__wrapper\">\n<blockquote class=\"wp-embedded-content\" data-secret=\"oNsPd9p1xO\"><a href=\"http:\/\/zpo.podedworze.pl\/index.php\/2020\/02\/27\/dzialania-prewencyjne-ktorych-celem-jest-ograniczenie-ryzyka-zwiazanego-z-ewentualnym-zakazeniem-koronawirusem\/\">Dzia\u0142ania prewencyjne, kt\u00f3rych celem jest ograniczenie ryzyka zwi\u0105zanego z ewentualnym zaka\u017ceniem koronawirusem<\/a><\/blockquote><iframe loading=\"lazy\" title=\"&#8222;Dzia\u0142ania prewencyjne, kt\u00f3rych celem jest ograniczenie ryzyka zwi\u0105zanego z ewentualnym zaka\u017ceniem koronawirusem&#8221; &#8212; ZPO w Podedw\u00f3rzu\" class=\"wp-embedded-content\" sandbox=\"allow-scripts\" security=\"restricted\" style=\"position: absolute; clip: rect(1px, 1px, 1px, 1px);\" src=\"http:\/\/zpo.podedworze.pl\/index.php\/2020\/02\/27\/dzialania-prewencyjne-ktorych-celem-jest-ograniczenie-ryzyka-zwiazanego-z-ewentualnym-zakazeniem-koronawirusem\/embed\/#?secret=oNsPd9p1xO\" data-secret=\"oNsPd9p1xO\" width=\"600\" height=\"338\" frameborder=\"0\" marginwidth=\"0\" marginheight=\"0\" scrolling=\"no\"><\/iframe>\n<\/div><\/figure>\n\n\n\n<figure class=\"wp-block-embed-wordpress wp-block-embed is-type-wp-embed is-provider-zpo-w-podedworzu\"><div class=\"wp-block-embed__wrapper\">\n<blockquote class=\"wp-embedded-content\" data-secret=\"eYE51nj16K\"><a href=\"http:\/\/zpo.podedworze.pl\/index.php\/2020\/02\/27\/zadbajmy-o-skuteczne-mycie-rak\/\">Zadbajmy o skuteczne mycie r\u0105k<\/a><\/blockquote><iframe loading=\"lazy\" title=\"&#8222;Zadbajmy o skuteczne mycie r\u0105k&#8221; &#8212; ZPO w Podedw\u00f3rzu\" class=\"wp-embedded-content\" sandbox=\"allow-scripts\" security=\"restricted\" style=\"position: absolute; clip: rect(1px, 1px, 1px, 1px);\" src=\"http:\/\/zpo.podedworze.pl\/index.php\/2020\/02\/27\/zadbajmy-o-skuteczne-mycie-rak\/embed\/#?secret=eYE51nj16K\" data-secret=\"eYE51nj16K\" width=\"600\" height=\"338\" frameborder=\"0\" marginwidth=\"0\" marginheight=\"0\" scrolling=\"no\"><\/iframe>\n<\/div><\/figure>\n","protected":false},"excerpt":{"rendered":"","protected":false},"author":1,"featured_media":0,"parent":0,"menu_order":0,"comment_status":"closed","ping_status":"closed","template":"","meta":{"footnotes":""},"class_list":["post-12297","page","type-page","status-publish","hentry"],"_links":{"self":[{"href":"http:\/\/zpo.podedworze.pl\/index.php\/wp-json\/wp\/v2\/pages\/12297","targetHints":{"allow":["GET"]}}],"collection":[{"href":"http:\/\/zpo.podedworze.pl\/index.php\/wp-json\/wp\/v2\/pages"}],"about":[{"href":"http:\/\/zpo.podedworze.pl\/index.php\/wp-json\/wp\/v2\/types\/page"}],"author":[{"embeddable":true,"href":"http:\/\/zpo.podedworze.pl\/index.php\/wp-json\/wp\/v2\/users\/1"}],"replies":[{"embeddable":true,"href":"http:\/\/zpo.podedworze.pl\/index.php\/wp-json\/wp\/v2\/comments?post=12297"}],"version-history":[{"count":5,"href":"http:\/\/zpo.podedworze.pl\/index.php\/wp-json\/wp\/v2\/pages\/12297\/revisions"}],"predecessor-version":[{"id":12360,"href":"http:\/\/zpo.podedworze.pl\/index.php\/wp-json\/wp\/v2\/pages\/12297\/revisions\/12360"}],"wp:attachment":[{"href":"http:\/\/zpo.podedworze.pl\/index.php\/wp-json\/wp\/v2\/media?parent=12297"}],"curies":[{"name":"wp","href":"https:\/\/api.w.org\/{rel}","templated":true}]}}