{"id":12729,"date":"2020-03-19T15:04:57","date_gmt":"2020-03-19T14:04:57","guid":{"rendered":"http:\/\/zpo.podedworze.pl\/?page_id=12729"},"modified":"2020-04-14T10:23:43","modified_gmt":"2020-04-14T08:23:43","slug":"materialy-dydaktyczne-2","status":"publish","type":"page","link":"http:\/\/zpo.podedworze.pl\/index.php\/materialy-dydaktyczne-2\/","title":{"rendered":"Materia\u0142y dydaktyczne"},"content":{"rendered":"\n<p><a href=\"http:\/\/zpo.podedworze.pl\/index.php\/materialy-dydaktyczne\/\">MATERIA\u0141Y DYDAKTYCZNE  PIERWSZY TYDZIE\u0143<\/a> (16.03.-20.03.2020)<\/p>\n\n\n\n<p><a href=\"http:\/\/zpo.podedworze.pl\/index.php\/materialy-dydaktyczne-drugi-tydzien\/\">MATERIA\u0141Y DYDAKTYCZNE  DRUGI TYDZIE\u0143<\/a> (23.03.-27.03.2020)<\/p>\n\n\n\n<p><a href=\"http:\/\/zpo.podedworze.pl\/index.php\/materialy-dydaktyczne-iii-tydzien\/\">MATERIA\u0141Y DYDAKTYCZNE TRZECI TYDZIE\u0143<\/a>\u00a0<\/p>\n\n\n\n<p><a href=\"http:\/\/zpo.podedworze.pl\/index.php\/materialy-dydaktyczne-iv-tydzien\/\">MATERIA\u0141Y DYDAKTYCZNE CZWARTY TYDZIE\u0143<\/a><\/p>\n","protected":false},"excerpt":{"rendered":"<p>MATERIA\u0141Y DYDAKTYCZNE PIERWSZY TYDZIE\u0143 (16.03.-20.03.2020) MATERIA\u0141Y DYDAKTYCZNE DRUGI TYDZIE\u0143 (23.03.-27.03.2020) MATERIA\u0141Y DYDAKTYCZNE TRZECI TYDZIE\u0143\u00a0 MATERIA\u0141Y DYDAKTYCZNE CZWARTY TYDZIE\u0143<\/p>\n","protected":false},"author":1,"featured_media":0,"parent":0,"menu_order":0,"comment_status":"closed","ping_status":"closed","template":"","meta":{"footnotes":""},"class_list":["post-12729","page","type-page","status-publish","hentry"],"_links":{"self":[{"href":"http:\/\/zpo.podedworze.pl\/index.php\/wp-json\/wp\/v2\/pages\/12729","targetHints":{"allow":["GET"]}}],"collection":[{"href":"http:\/\/zpo.podedworze.pl\/index.php\/wp-json\/wp\/v2\/pages"}],"about":[{"href":"http:\/\/zpo.podedworze.pl\/index.php\/wp-json\/wp\/v2\/types\/page"}],"author":[{"embeddable":true,"href":"http:\/\/zpo.podedworze.pl\/index.php\/wp-json\/wp\/v2\/users\/1"}],"replies":[{"embeddable":true,"href":"http:\/\/zpo.podedworze.pl\/index.php\/wp-json\/wp\/v2\/comments?post=12729"}],"version-history":[{"count":5,"href":"http:\/\/zpo.podedworze.pl\/index.php\/wp-json\/wp\/v2\/pages\/12729\/revisions"}],"predecessor-version":[{"id":13693,"href":"http:\/\/zpo.podedworze.pl\/index.php\/wp-json\/wp\/v2\/pages\/12729\/revisions\/13693"}],"wp:attachment":[{"href":"http:\/\/zpo.podedworze.pl\/index.php\/wp-json\/wp\/v2\/media?parent=12729"}],"curies":[{"name":"wp","href":"https:\/\/api.w.org\/{rel}","templated":true}]}}