{"id":17610,"date":"2021-03-22T12:23:24","date_gmt":"2021-03-22T11:23:24","guid":{"rendered":"http:\/\/zpo.podedworze.pl\/?page_id=17610"},"modified":"2021-03-30T08:50:11","modified_gmt":"2021-03-30T06:50:11","slug":"rekrutacja-do-klasy-i-lista-kandydatow","status":"publish","type":"page","link":"http:\/\/zpo.podedworze.pl\/index.php\/rekrutacja-do-klasy-i-lista-kandydatow\/","title":{"rendered":"Rekrutacja do klasy I &#8211; lista kandydat\u00f3w"},"content":{"rendered":"\n<p>W za\u0142\u0105czeniu protok\u00f3\u0142 z posiedzenia Komisji Rekrutacyjnej i lista kandydat\u00f3w do klasy I Zespo\u0142u Plac\u00f3wek O\u015bwiatowych w Podedw\u00f3rzu Szko\u0142a Podstawowa.<\/p>\n\n\n\n<div class=\"wp-block-file\"><a href=\"http:\/\/zpo.podedworze.pl\/wp-content\/uploads\/2021\/03\/Rekrutacja_kl_1.pdf\">Rekrutacja_kl_1<\/a><a href=\"http:\/\/zpo.podedworze.pl\/wp-content\/uploads\/2021\/03\/Rekrutacja_kl_1.pdf\" class=\"wp-block-file__button\" download>Pobierz<\/a><\/div>\n","protected":false},"excerpt":{"rendered":"<p>W za\u0142\u0105czeniu protok\u00f3\u0142 z posiedzenia Komisji Rekrutacyjnej i lista kandydat\u00f3w do klasy I Zespo\u0142u Plac\u00f3wek O\u015bwiatowych w Podedw\u00f3rzu Szko\u0142a Podstawowa.<\/p>\n","protected":false},"author":3,"featured_media":17611,"parent":0,"menu_order":0,"comment_status":"closed","ping_status":"closed","template":"","meta":{"footnotes":""},"class_list":["post-17610","page","type-page","status-publish","has-post-thumbnail","hentry"],"_links":{"self":[{"href":"http:\/\/zpo.podedworze.pl\/index.php\/wp-json\/wp\/v2\/pages\/17610","targetHints":{"allow":["GET"]}}],"collection":[{"href":"http:\/\/zpo.podedworze.pl\/index.php\/wp-json\/wp\/v2\/pages"}],"about":[{"href":"http:\/\/zpo.podedworze.pl\/index.php\/wp-json\/wp\/v2\/types\/page"}],"author":[{"embeddable":true,"href":"http:\/\/zpo.podedworze.pl\/index.php\/wp-json\/wp\/v2\/users\/3"}],"replies":[{"embeddable":true,"href":"http:\/\/zpo.podedworze.pl\/index.php\/wp-json\/wp\/v2\/comments?post=17610"}],"version-history":[{"count":3,"href":"http:\/\/zpo.podedworze.pl\/index.php\/wp-json\/wp\/v2\/pages\/17610\/revisions"}],"predecessor-version":[{"id":17746,"href":"http:\/\/zpo.podedworze.pl\/index.php\/wp-json\/wp\/v2\/pages\/17610\/revisions\/17746"}],"wp:featuredmedia":[{"embeddable":true,"href":"http:\/\/zpo.podedworze.pl\/index.php\/wp-json\/wp\/v2\/media\/17611"}],"wp:attachment":[{"href":"http:\/\/zpo.podedworze.pl\/index.php\/wp-json\/wp\/v2\/media?parent=17610"}],"curies":[{"name":"wp","href":"https:\/\/api.w.org\/{rel}","templated":true}]}}