{"id":17878,"date":"2021-04-14T15:00:00","date_gmt":"2021-04-14T13:00:00","guid":{"rendered":"http:\/\/zpo.podedworze.pl\/?page_id=17878"},"modified":"2021-04-14T11:12:07","modified_gmt":"2021-04-14T09:12:07","slug":"lista-kandydatow-zakwalifikowanych-do-zpo-w-podedworzu-przedszkole-samorzadowe","status":"publish","type":"page","link":"http:\/\/zpo.podedworze.pl\/index.php\/lista-kandydatow-zakwalifikowanych-do-zpo-w-podedworzu-przedszkole-samorzadowe\/","title":{"rendered":"Lista kandydat\u00f3w zakwalifikowanych do ZPO w Podedw\u00f3rzu Przedszkole Samorz\u0105dowe"},"content":{"rendered":"\n<div class=\"wp-block-file\"><a href=\"http:\/\/zpo.podedworze.pl\/wp-content\/uploads\/2021\/04\/lista_kandydatow.pdf\">lista_kandydatow<\/a><a href=\"http:\/\/zpo.podedworze.pl\/wp-content\/uploads\/2021\/04\/lista_kandydatow.pdf\" class=\"wp-block-file__button\" download>Pobierz<\/a><\/div>\n\n\n\n<p><\/p>\n","protected":false},"excerpt":{"rendered":"","protected":false},"author":3,"featured_media":17880,"parent":0,"menu_order":0,"comment_status":"closed","ping_status":"closed","template":"","meta":{"footnotes":""},"class_list":["post-17878","page","type-page","status-publish","has-post-thumbnail","hentry"],"_links":{"self":[{"href":"http:\/\/zpo.podedworze.pl\/index.php\/wp-json\/wp\/v2\/pages\/17878","targetHints":{"allow":["GET"]}}],"collection":[{"href":"http:\/\/zpo.podedworze.pl\/index.php\/wp-json\/wp\/v2\/pages"}],"about":[{"href":"http:\/\/zpo.podedworze.pl\/index.php\/wp-json\/wp\/v2\/types\/page"}],"author":[{"embeddable":true,"href":"http:\/\/zpo.podedworze.pl\/index.php\/wp-json\/wp\/v2\/users\/3"}],"replies":[{"embeddable":true,"href":"http:\/\/zpo.podedworze.pl\/index.php\/wp-json\/wp\/v2\/comments?post=17878"}],"version-history":[{"count":2,"href":"http:\/\/zpo.podedworze.pl\/index.php\/wp-json\/wp\/v2\/pages\/17878\/revisions"}],"predecessor-version":[{"id":17883,"href":"http:\/\/zpo.podedworze.pl\/index.php\/wp-json\/wp\/v2\/pages\/17878\/revisions\/17883"}],"wp:featuredmedia":[{"embeddable":true,"href":"http:\/\/zpo.podedworze.pl\/index.php\/wp-json\/wp\/v2\/media\/17880"}],"wp:attachment":[{"href":"http:\/\/zpo.podedworze.pl\/index.php\/wp-json\/wp\/v2\/media?parent=17878"}],"curies":[{"name":"wp","href":"https:\/\/api.w.org\/{rel}","templated":true}]}}