{"id":29259,"date":"2024-11-15T10:40:46","date_gmt":"2024-11-15T09:40:46","guid":{"rendered":"http:\/\/zpo.podedworze.pl\/?page_id=29259"},"modified":"2026-03-11T14:20:00","modified_gmt":"2026-03-11T13:20:00","slug":"pedagog","status":"publish","type":"page","link":"http:\/\/zpo.podedworze.pl\/index.php\/pedagog\/","title":{"rendered":"Pedagog"},"content":{"rendered":"\n<p class=\"has-text-align-center\"><strong>GODZINY PRACY PEDAGOGA SZKOLNEGO W ZESPOLE PLAC\u00d3WEK O\u015aWIATOWYCH W PODEDW\u00d3RZU W ROKU SZKOLNYM 2025\/2026<\/strong><\/p>\n\n\n\n<p>GODZINY PRACY SPECJALIST\u00d3W- AKTUALIZACJA (02.03.2026R.) <\/p>\n\n\n\n<div class=\"wp-block-file\"><a id=\"wp-block-file--media-c5ecfa97-cb17-4dbc-85ce-d302793a11ac\" href=\"http:\/\/zpo.podedworze.pl\/wp-content\/uploads\/2026\/03\/43638c39-2f1f-4687-8249-8433d3a1a66e-2.pdf\">GODZINY PRACY SPECJALIST\u00d3W- AKTUALIZACJA (02.03.2026R.) <\/a><a href=\"http:\/\/zpo.podedworze.pl\/wp-content\/uploads\/2026\/03\/43638c39-2f1f-4687-8249-8433d3a1a66e-2.pdf\" class=\"wp-block-file__button\" download aria-describedby=\"wp-block-file--media-c5ecfa97-cb17-4dbc-85ce-d302793a11ac\">Pobierz<\/a><\/div>\n\n\n\n<p><\/p>\n\n\n\n<figure class=\"wp-block-table\"><table><tbody><tr><td class=\"has-text-align-left\" data-align=\"left\"><strong><em>Imi\u0119 i nazwisko nauczyciela<\/em><\/strong><\/td><td><strong><em>&nbsp;<\/em><\/strong> <strong><em>Specjalista<\/em><\/strong><\/td><td><strong><em>&nbsp;<\/em><\/strong> <strong><em>Poniedzia\u0142ek<\/em><\/strong><\/td><td><strong><em>&nbsp;<\/em><\/strong> <strong><em>Wtorek<\/em><\/strong><\/td><td><strong><em>&nbsp;<\/em><\/strong> <strong><em>\u015aroda<\/em><\/strong><\/td><td><strong><em>&nbsp;<\/em><\/strong> <strong><em>Czwartek<\/em><\/strong><\/td><td><strong><em>&nbsp;<\/em><\/strong> <strong><em>Pi\u0105tek<\/em><\/strong><\/td><\/tr><tr><td class=\"has-text-align-left\" data-align=\"left\">&nbsp; Kamila D\u0105browska<\/td><td>&nbsp; pedagog szkolny<\/td><td>09:15-11:15<br>Szko\u0142a Podstawowa<br>11:15-12:15<br>Przedszkole<br>14:05-14:50<br>Szko\u0142a Podstawowa<\/td><td> &nbsp;09:40-10:25<br>Szko\u0142a Podstawowa<br>10:30-11:30<br>Przedszkole<\/td><td>09:00-11:00<br>Przedszkole<\/td><td>10:30-11:30<br>Szko\u0142a Podstawowa<br>12:25-14:00<br>Szko\u0142a Podstawowa<\/td><td>11:30-12:30<br>Szko\u0142a Podstawowa<\/td><\/tr><\/tbody><\/table><\/figure>\n\n\n\n<figure class=\"wp-block-image size-full\"><img loading=\"lazy\" decoding=\"async\" width=\"1024\" height=\"720\" src=\"http:\/\/zpo.podedworze.pl\/wp-content\/uploads\/2024\/11\/tel.jpg\" alt=\"\" class=\"wp-image-29287\" srcset=\"http:\/\/zpo.podedworze.pl\/wp-content\/uploads\/2024\/11\/tel.jpg 1024w, http:\/\/zpo.podedworze.pl\/wp-content\/uploads\/2024\/11\/tel-300x211.jpg 300w, http:\/\/zpo.podedworze.pl\/wp-content\/uploads\/2024\/11\/tel-768x540.jpg 768w, http:\/\/zpo.podedworze.pl\/wp-content\/uploads\/2024\/11\/tel-655x461.jpg 655w\" sizes=\"auto, (max-width: 1024px) 100vw, 1024px\" \/><\/figure>\n\n\n\n<figure class=\"wp-block-image size-full\"><img loading=\"lazy\" decoding=\"async\" width=\"1024\" height=\"720\" src=\"http:\/\/zpo.podedworze.pl\/wp-content\/uploads\/2024\/11\/tel2.jpg\" alt=\"\" class=\"wp-image-29288\" srcset=\"http:\/\/zpo.podedworze.pl\/wp-content\/uploads\/2024\/11\/tel2.jpg 1024w, http:\/\/zpo.podedworze.pl\/wp-content\/uploads\/2024\/11\/tel2-300x211.jpg 300w, http:\/\/zpo.podedworze.pl\/wp-content\/uploads\/2024\/11\/tel2-768x540.jpg 768w, http:\/\/zpo.podedworze.pl\/wp-content\/uploads\/2024\/11\/tel2-655x461.jpg 655w\" sizes=\"auto, (max-width: 1024px) 100vw, 1024px\" \/><\/figure>\n\n\n\n<figure class=\"wp-block-image size-full\"><img loading=\"lazy\" decoding=\"async\" width=\"1024\" height=\"720\" src=\"http:\/\/zpo.podedworze.pl\/wp-content\/uploads\/2024\/11\/tel3.jpg\" alt=\"\" class=\"wp-image-29289\" srcset=\"http:\/\/zpo.podedworze.pl\/wp-content\/uploads\/2024\/11\/tel3.jpg 1024w, http:\/\/zpo.podedworze.pl\/wp-content\/uploads\/2024\/11\/tel3-300x211.jpg 300w, http:\/\/zpo.podedworze.pl\/wp-content\/uploads\/2024\/11\/tel3-768x540.jpg 768w, http:\/\/zpo.podedworze.pl\/wp-content\/uploads\/2024\/11\/tel3-655x461.jpg 655w\" sizes=\"auto, (max-width: 1024px) 100vw, 1024px\" \/><\/figure>\n\n\n\n<figure class=\"wp-block-image size-full\"><img loading=\"lazy\" decoding=\"async\" width=\"1024\" height=\"720\" src=\"http:\/\/zpo.podedworze.pl\/wp-content\/uploads\/2024\/11\/tel-4.jpg\" alt=\"\" class=\"wp-image-29290\" srcset=\"http:\/\/zpo.podedworze.pl\/wp-content\/uploads\/2024\/11\/tel-4.jpg 1024w, http:\/\/zpo.podedworze.pl\/wp-content\/uploads\/2024\/11\/tel-4-300x211.jpg 300w, http:\/\/zpo.podedworze.pl\/wp-content\/uploads\/2024\/11\/tel-4-768x540.jpg 768w, http:\/\/zpo.podedworze.pl\/wp-content\/uploads\/2024\/11\/tel-4-655x461.jpg 655w\" sizes=\"auto, (max-width: 1024px) 100vw, 1024px\" \/><\/figure>\n\n\n\n<div class=\"wp-block-file\"><a id=\"wp-block-file--media-c375259a-3cf6-47e2-ad97-d46961060d87\" href=\"http:\/\/zpo.podedworze.pl\/wp-content\/uploads\/2024\/11\/Poradnik_cyberprzemoc_nowe_int-2-1.pdf\">Poradnik_cyberprzemoc_nowe_int-2-1<\/a><a href=\"http:\/\/zpo.podedworze.pl\/wp-content\/uploads\/2024\/11\/Poradnik_cyberprzemoc_nowe_int-2-1.pdf\" class=\"wp-block-file__button\" download aria-describedby=\"wp-block-file--media-c375259a-3cf6-47e2-ad97-d46961060d87\">Pobierz<\/a><\/div>\n\n\n\n<div class=\"wp-block-file\"><a id=\"wp-block-file--media-d27849ac-910c-4bbd-99fe-af5f6a51f994\" href=\"http:\/\/zpo.podedworze.pl\/wp-content\/uploads\/2024\/11\/wniosek1-1.pdf\">WNIOSEK o przeprowadzenie bada\u0144\/udzielenie porady dla dziecka\/ ucznia\/pe\u0142noletniego ucznia<\/a><a href=\"http:\/\/zpo.podedworze.pl\/wp-content\/uploads\/2024\/11\/wniosek1-1.pdf\" class=\"wp-block-file__button\" download aria-describedby=\"wp-block-file--media-d27849ac-910c-4bbd-99fe-af5f6a51f994\">Pobierz<\/a><\/div>\n\n\n\n<div class=\"wp-block-file\"><a id=\"wp-block-file--media-c346fff4-0f2d-4562-996c-2d66a03edbbf\" href=\"http:\/\/zpo.podedworze.pl\/wp-content\/uploads\/2024\/11\/wniosek2.pdf\">WNIOSEK o wydanie kserokopii opinii\/ informacji o wynikach diagnozy dotycz\u0105cy dziecka\/ ucznia\/pe\u0142noletniego ucznia*<\/a><a href=\"http:\/\/zpo.podedworze.pl\/wp-content\/uploads\/2024\/11\/wniosek2.pdf\" class=\"wp-block-file__button\" download aria-describedby=\"wp-block-file--media-c346fff4-0f2d-4562-996c-2d66a03edbbf\">Pobierz<\/a><\/div>\n\n\n\n<p><a href=\"http:\/\/www.math.edu.pl\/testy-dla-najmlodszych\">http:\/\/www.math.edu.pl\/testy-dla-najmlodszych<\/a><\/p>\n\n\n\n<p><a href=\"http:\/\/www.zabawyfundamentalne.pl\">www.zabawyfundamentalne.pl<\/a><\/p>\n\n\n\n<p><a href=\"http:\/\/www.printoteka.pl\">www.printoteka.pl<\/a><\/p>\n\n\n\n<p><a href=\"http:\/\/www.szaloneliczby.pl\">www.szaloneliczby.pl<\/a><\/p>\n\n\n\n<p><a href=\"http:\/\/www.dyktanda.net\">www.dyktanda.net<\/a><\/p>\n","protected":false},"excerpt":{"rendered":"<p>GODZINY PRACY PEDAGOGA SZKOLNEGO W ZESPOLE PLAC\u00d3WEK O\u015aWIATOWYCH W PODEDW\u00d3RZU W ROKU SZKOLNYM 2025\/2026 GODZINY PRACY SPECJALIST\u00d3W- AKTUALIZACJA (02.03.2026R.) Imi\u0119 i nazwisko nauczyciela &nbsp; Specjalista &nbsp; Poniedzia\u0142ek &nbsp; Wtorek &nbsp; \u015aroda &nbsp; Czwartek &nbsp; Pi\u0105tek&#8230;<\/p>\n","protected":false},"author":5,"featured_media":0,"parent":0,"menu_order":0,"comment_status":"closed","ping_status":"closed","template":"","meta":{"footnotes":""},"class_list":["post-29259","page","type-page","status-publish","hentry"],"_links":{"self":[{"href":"http:\/\/zpo.podedworze.pl\/index.php\/wp-json\/wp\/v2\/pages\/29259","targetHints":{"allow":["GET"]}}],"collection":[{"href":"http:\/\/zpo.podedworze.pl\/index.php\/wp-json\/wp\/v2\/pages"}],"about":[{"href":"http:\/\/zpo.podedworze.pl\/index.php\/wp-json\/wp\/v2\/types\/page"}],"author":[{"embeddable":true,"href":"http:\/\/zpo.podedworze.pl\/index.php\/wp-json\/wp\/v2\/users\/5"}],"replies":[{"embeddable":true,"href":"http:\/\/zpo.podedworze.pl\/index.php\/wp-json\/wp\/v2\/comments?post=29259"}],"version-history":[{"count":8,"href":"http:\/\/zpo.podedworze.pl\/index.php\/wp-json\/wp\/v2\/pages\/29259\/revisions"}],"predecessor-version":[{"id":34171,"href":"http:\/\/zpo.podedworze.pl\/index.php\/wp-json\/wp\/v2\/pages\/29259\/revisions\/34171"}],"wp:attachment":[{"href":"http:\/\/zpo.podedworze.pl\/index.php\/wp-json\/wp\/v2\/media?parent=29259"}],"curies":[{"name":"wp","href":"https:\/\/api.w.org\/{rel}","templated":true}]}}