{"id":568,"date":"2020-09-30T19:57:22","date_gmt":"2020-09-30T17:57:22","guid":{"rendered":"http:\/\/zpo.podedworze.pl\/?page_id=568"},"modified":"2026-03-23T18:17:16","modified_gmt":"2026-03-23T17:17:16","slug":"dla-rodzicow","status":"publish","type":"page","link":"http:\/\/zpo.podedworze.pl\/index.php\/dla-rodzicow\/","title":{"rendered":"Dla Rodzic\u00f3w"},"content":{"rendered":"\n<p>WNIOSEK O OBJ\u0118CIE DZIECKA DO\u017bYWIANIEM\/REZYGNACJA Z DO\u017bYWIANIA<\/p>\n\n\n\n<div class=\"wp-block-file\"><a id=\"wp-block-file--media-489a1eed-1bd3-46cf-a4b2-791af3197be2\" href=\"http:\/\/zpo.podedworze.pl\/wp-content\/uploads\/2026\/03\/wniosek-dozywianie.docx\">wniosek-dozywianie<\/a><a href=\"http:\/\/zpo.podedworze.pl\/wp-content\/uploads\/2026\/03\/wniosek-dozywianie.docx\" class=\"wp-block-file__button\" download aria-describedby=\"wp-block-file--media-489a1eed-1bd3-46cf-a4b2-791af3197be2\">Pobierz<\/a><\/div>\n\n\n\n<div class=\"wp-block-file\"><a id=\"wp-block-file--media-4596c754-2bd8-4c00-868e-b10cf71e84b7\" href=\"http:\/\/zpo.podedworze.pl\/wp-content\/uploads\/2026\/03\/wniosek-rezygnacja.docx\">wniosek-rezygnacja<\/a><a href=\"http:\/\/zpo.podedworze.pl\/wp-content\/uploads\/2026\/03\/wniosek-rezygnacja.docx\" class=\"wp-block-file__button\" download aria-describedby=\"wp-block-file--media-4596c754-2bd8-4c00-868e-b10cf71e84b7\">Pobierz<\/a><\/div>\n\n\n\n<figure class=\"wp-block-gallery has-nested-images columns-default is-cropped wp-block-gallery-1 is-layout-flex wp-block-gallery-is-layout-flex\">\n<figure class=\"wp-block-image size-large\"><a href=\"http:\/\/zpo.podedworze.pl\/index.php\/dla-rodzicow\/img_20260316_081934\/\"><img loading=\"lazy\" decoding=\"async\" width=\"768\" height=\"1024\" data-id=\"34261\" src=\"http:\/\/zpo.podedworze.pl\/wp-content\/uploads\/2026\/03\/IMG_20260316_081934-768x1024.jpg\" alt=\"\" class=\"wp-image-34261\" srcset=\"http:\/\/zpo.podedworze.pl\/wp-content\/uploads\/2026\/03\/IMG_20260316_081934-768x1024.jpg 768w, http:\/\/zpo.podedworze.pl\/wp-content\/uploads\/2026\/03\/IMG_20260316_081934-225x300.jpg 225w, http:\/\/zpo.podedworze.pl\/wp-content\/uploads\/2026\/03\/IMG_20260316_081934-1152x1536.jpg 1152w, http:\/\/zpo.podedworze.pl\/wp-content\/uploads\/2026\/03\/IMG_20260316_081934-1536x2048.jpg 1536w, http:\/\/zpo.podedworze.pl\/wp-content\/uploads\/2026\/03\/IMG_20260316_081934-655x873.jpg 655w, http:\/\/zpo.podedworze.pl\/wp-content\/uploads\/2026\/03\/IMG_20260316_081934-scaled.jpg 1920w\" sizes=\"auto, (max-width: 768px) 100vw, 768px\" \/><\/a><\/figure>\n\n\n\n<figure class=\"wp-block-image size-large\"><a href=\"http:\/\/zpo.podedworze.pl\/index.php\/dla-rodzicow\/img_20260316_081945\/\"><img loading=\"lazy\" decoding=\"async\" width=\"768\" height=\"1024\" data-id=\"34264\" src=\"http:\/\/zpo.podedworze.pl\/wp-content\/uploads\/2026\/03\/IMG_20260316_081945-768x1024.jpg\" alt=\"\" class=\"wp-image-34264\" srcset=\"http:\/\/zpo.podedworze.pl\/wp-content\/uploads\/2026\/03\/IMG_20260316_081945-768x1024.jpg 768w, http:\/\/zpo.podedworze.pl\/wp-content\/uploads\/2026\/03\/IMG_20260316_081945-225x300.jpg 225w, http:\/\/zpo.podedworze.pl\/wp-content\/uploads\/2026\/03\/IMG_20260316_081945-1152x1536.jpg 1152w, http:\/\/zpo.podedworze.pl\/wp-content\/uploads\/2026\/03\/IMG_20260316_081945-1536x2048.jpg 1536w, http:\/\/zpo.podedworze.pl\/wp-content\/uploads\/2026\/03\/IMG_20260316_081945-655x873.jpg 655w, http:\/\/zpo.podedworze.pl\/wp-content\/uploads\/2026\/03\/IMG_20260316_081945-scaled.jpg 1920w\" sizes=\"auto, (max-width: 768px) 100vw, 768px\" \/><\/a><\/figure>\n\n\n\n<figure class=\"wp-block-image size-large\"><a href=\"http:\/\/zpo.podedworze.pl\/index.php\/dla-rodzicow\/img_20260316_081953\/\"><img loading=\"lazy\" decoding=\"async\" width=\"768\" height=\"1024\" data-id=\"34262\" src=\"http:\/\/zpo.podedworze.pl\/wp-content\/uploads\/2026\/03\/IMG_20260316_081953-768x1024.jpg\" alt=\"\" class=\"wp-image-34262\" srcset=\"http:\/\/zpo.podedworze.pl\/wp-content\/uploads\/2026\/03\/IMG_20260316_081953-768x1024.jpg 768w, http:\/\/zpo.podedworze.pl\/wp-content\/uploads\/2026\/03\/IMG_20260316_081953-225x300.jpg 225w, http:\/\/zpo.podedworze.pl\/wp-content\/uploads\/2026\/03\/IMG_20260316_081953-1152x1536.jpg 1152w, http:\/\/zpo.podedworze.pl\/wp-content\/uploads\/2026\/03\/IMG_20260316_081953-1536x2048.jpg 1536w, http:\/\/zpo.podedworze.pl\/wp-content\/uploads\/2026\/03\/IMG_20260316_081953-655x873.jpg 655w, http:\/\/zpo.podedworze.pl\/wp-content\/uploads\/2026\/03\/IMG_20260316_081953-scaled.jpg 1920w\" sizes=\"auto, (max-width: 768px) 100vw, 768px\" \/><\/a><\/figure>\n<\/figure>\n\n\n\n<div class=\"wp-block-file\"><a id=\"wp-block-file--media-2ce6656b-257d-40bb-8a15-688538e3afef\" href=\"http:\/\/zpo.podedworze.pl\/wp-content\/uploads\/2026\/03\/43638c39-2f1f-4687-8249-8433d3a1a66e.pdf\">Godziny pracy specjalist\u00f3w <\/a><a href=\"http:\/\/zpo.podedworze.pl\/wp-content\/uploads\/2026\/03\/43638c39-2f1f-4687-8249-8433d3a1a66e.pdf\" class=\"wp-block-file__button\" download aria-describedby=\"wp-block-file--media-2ce6656b-257d-40bb-8a15-688538e3afef\">Pobierz<\/a><\/div>\n\n\n\n<div class=\"wp-block-file\"><a id=\"wp-block-file--media-95485572-7cc9-4656-ade7-d0f1931fb9a6\" href=\"http:\/\/zpo.podedworze.pl\/wp-content\/uploads\/2025\/11\/Kalendarz_Roku_Szkolnego_2025-2026-1.pdf\" target=\"_blank\" rel=\"noreferrer noopener\">Kalendarz_Roku_Szkolnego_2025-2026-1<\/a><a href=\"http:\/\/zpo.podedworze.pl\/wp-content\/uploads\/2025\/11\/Kalendarz_Roku_Szkolnego_2025-2026-1.pdf\" class=\"wp-block-file__button\" download aria-describedby=\"wp-block-file--media-95485572-7cc9-4656-ade7-d0f1931fb9a6\">Pobierz<\/a><\/div>\n\n\n\n<p>DNI DODATKOWO WOLNE OD ZAJ\u0118\u0106<\/p>\n\n\n\n<div class=\"wp-block-file\"><a id=\"wp-block-file--media-77ddab95-f551-4ba0-86af-c30c02759e14\" href=\"http:\/\/zpo.podedworze.pl\/wp-content\/uploads\/2025\/09\/Dodatkowe_dni_wolne_2025-26.pdf\">Dodatkowe_dni_wolne_2025-26<\/a><a href=\"http:\/\/zpo.podedworze.pl\/wp-content\/uploads\/2025\/09\/Dodatkowe_dni_wolne_2025-26.pdf\" class=\"wp-block-file__button\" download aria-describedby=\"wp-block-file--media-77ddab95-f551-4ba0-86af-c30c02759e14\">Pobierz<\/a><\/div>\n\n\n\n<div class=\"wp-block-file\"><a id=\"wp-block-file--media-f34f9469-04ae-49b6-a1aa-7edf942294f1\" href=\"http:\/\/zpo.podedworze.pl\/wp-content\/uploads\/2025\/02\/DENTOBUS-1-1-4.pdf\">DENTOBUS-1-1-4<\/a><a href=\"http:\/\/zpo.podedworze.pl\/wp-content\/uploads\/2025\/02\/DENTOBUS-1-1-4.pdf\" class=\"wp-block-file__button\" download aria-describedby=\"wp-block-file--media-f34f9469-04ae-49b6-a1aa-7edf942294f1\">Pobierz<\/a><\/div>\n\n\n\n<div class=\"wp-block-file\"><a id=\"wp-block-file--media-a5955893-c5e8-459c-9af3-52f298d80192\" href=\"http:\/\/zpo.podedworze.pl\/wp-content\/uploads\/2024\/11\/Program_W_P-24_25_ZPO_PodedwC3B3rze.odt\">Program_Wychowawczo-Profilaktyczny-2024\/25_ZPO_<\/a><a href=\"http:\/\/zpo.podedworze.pl\/wp-content\/uploads\/2024\/11\/Program_W_P-24_25_ZPO_PodedwC3B3rze.odt\" class=\"wp-block-file__button\" download aria-describedby=\"wp-block-file--media-a5955893-c5e8-459c-9af3-52f298d80192\">Pobierz<\/a><\/div>\n\n\n\n<div class=\"wp-block-file\"><a id=\"wp-block-file--media-bd57cab1-aeb1-4e64-98af-59d94dc2d740\" href=\"http:\/\/zpo.podedworze.pl\/wp-content\/uploads\/2023\/04\/PW-Profilaktyczny-2022-23.docx\">PW-Profilaktyczny-2022-23<\/a><a href=\"http:\/\/zpo.podedworze.pl\/wp-content\/uploads\/2023\/04\/PW-Profilaktyczny-2022-23.docx\" class=\"wp-block-file__button\" download aria-describedby=\"wp-block-file--media-bd57cab1-aeb1-4e64-98af-59d94dc2d740\">Pobierz<\/a><\/div>\n\n\n\n<figure class=\"wp-block-embed-wordpress wp-block-embed is-type-wp-embed is-provider-zpo-w-podedworzu\"><div class=\"wp-block-embed__wrapper\">\n<blockquote class=\"wp-embedded-content\" data-secret=\"81LUTY8sOl\"><a href=\"http:\/\/zpo.podedworze.pl\/index.php\/2020\/09\/23\/egzamin-osmoklasisty\/\">Egzamin \u00f3smoklasisty<\/a><\/blockquote><iframe loading=\"lazy\" class=\"wp-embedded-content\" sandbox=\"allow-scripts\" security=\"restricted\" style=\"position: absolute; clip: rect(1px, 1px, 1px, 1px);\" title=\"&#8222;Egzamin \u00f3smoklasisty&#8221; &#8212; ZPO w Podedw\u00f3rzu\" src=\"http:\/\/zpo.podedworze.pl\/index.php\/2020\/09\/23\/egzamin-osmoklasisty\/embed\/#?secret=WBK3Rj1cIl#?secret=81LUTY8sOl\" data-secret=\"81LUTY8sOl\" width=\"600\" height=\"338\" frameborder=\"0\" marginwidth=\"0\" marginheight=\"0\" scrolling=\"no\"><\/iframe>\n<\/div><\/figure>\n\n\n\n<div class=\"wp-block-file\"><a id=\"wp-block-file--media-d418d0e9-08ec-401f-b46c-619689f76c10\" href=\"http:\/\/zpo.podedworze.pl\/wp-content\/uploads\/2020\/09\/\u201eCyberprzemoc_Wlacz_blokade_na_nekanie_\u2013_poradnik_dla_rodzicow.pdf\">\u201eCyberprzemoc_W\u0142\u0105cz_blokad\u0119_na_n\u0119kanie\u201d_\u2013_poradnik_dla_rodzic\u00f3w<\/a><\/div>\n\n\n\n<figure class=\"wp-block-embed-wordpress wp-block-embed is-type-wp-embed is-provider-zpo-w-podedworzu\"><div class=\"wp-block-embed__wrapper\">\n<blockquote class=\"wp-embedded-content\" data-secret=\"AhehmMPxX5\"><a href=\"http:\/\/zpo.podedworze.pl\/index.php\/2020\/09\/12\/komunikat-informacyjny-wplaty-za-obiady\/\">Komunikat informacyjny &#8211; wp\u0142aty za obiady<\/a><\/blockquote><iframe loading=\"lazy\" class=\"wp-embedded-content\" sandbox=\"allow-scripts\" security=\"restricted\" style=\"position: absolute; clip: rect(1px, 1px, 1px, 1px);\" title=\"&#8222;Komunikat informacyjny &#8211; wp\u0142aty za obiady&#8221; &#8212; ZPO w Podedw\u00f3rzu\" src=\"http:\/\/zpo.podedworze.pl\/index.php\/2020\/09\/12\/komunikat-informacyjny-wplaty-za-obiady\/embed\/#?secret=QnMAkmyPDA#?secret=AhehmMPxX5\" data-secret=\"AhehmMPxX5\" width=\"600\" height=\"338\" frameborder=\"0\" marginwidth=\"0\" marginheight=\"0\" scrolling=\"no\"><\/iframe>\n<\/div><\/figure>\n\n\n\n<figure class=\"wp-block-embed-wordpress wp-block-embed is-type-wp-embed is-provider-zpo-w-podedworzu\"><div class=\"wp-block-embed__wrapper\">\n<blockquote class=\"wp-embedded-content\" data-secret=\"6uyDYH4wVW\"><a href=\"http:\/\/zpo.podedworze.pl\/index.php\/2020\/09\/12\/komunikat-informacyjny-spotkania-interesantow-z-dyrektorem-szkoly\/\">Komunikat informacyjny &#8211; spotkania interesant\u00f3w z Dyrektorem szko\u0142y<\/a><\/blockquote><iframe loading=\"lazy\" class=\"wp-embedded-content\" sandbox=\"allow-scripts\" security=\"restricted\" style=\"position: absolute; clip: rect(1px, 1px, 1px, 1px);\" title=\"&#8222;Komunikat informacyjny &#8211; spotkania interesant\u00f3w z Dyrektorem szko\u0142y&#8221; &#8212; ZPO w Podedw\u00f3rzu\" src=\"http:\/\/zpo.podedworze.pl\/index.php\/2020\/09\/12\/komunikat-informacyjny-spotkania-interesantow-z-dyrektorem-szkoly\/embed\/#?secret=IfhNRlDQCv#?secret=6uyDYH4wVW\" data-secret=\"6uyDYH4wVW\" width=\"600\" height=\"338\" frameborder=\"0\" marginwidth=\"0\" marginheight=\"0\" scrolling=\"no\"><\/iframe>\n<\/div><\/figure>\n\n\n\n<div class=\"wp-block-file\"><a id=\"wp-block-file--media-251ce25e-68ab-4cf3-b684-22d7690b4f12\" href=\"http:\/\/zpo.podedworze.pl\/wp-content\/uploads\/2020\/03\/AAA_instrukcja_wynikajaca_z_rozporzadzenia_znak_wodny.pdf\"> <em><br>Instrukcja \u2013 inny spos\u00f3b kszta\u0142cenia w okresie<\/em>&#8230;<\/a><a href=\"http:\/\/zpo.podedworze.pl\/wp-content\/uploads\/2020\/03\/AAA_instrukcja_wynikajaca_z_rozporzadzenia_znak_wodny.pdf\" class=\"wp-block-file__button\" download aria-describedby=\"wp-block-file--media-251ce25e-68ab-4cf3-b684-22d7690b4f12\">Pobierz<\/a><\/div>\n\n\n<p><a href=\"http:\/\/zpo.podedworze.pl\/wp-content\/uploads\/2020\/02\/raport_telefony_tablety.pdf\">Raport_telefony_tablety<\/a><\/p>\n<p><a href=\"http:\/\/zpo.podedworze.pl\/wp-content\/uploads\/2020\/02\/Raport_program_wychowawczo_profilaktyczny.pdf\">Raport_program_wychowawczo_profilaktyczny<\/a><\/p>\n<p><a href=\"https:\/\/men.gov.pl\/pl\/ministerstwo\/informacje\/dla-rodzicow\">Ministerstwo Edukacji Narodowej dla rodzic\u00f3w<\/a><\/p>\n<p><a href=\"http:\/\/zpo.podedworze.pl\/wp-content\/uploads\/2017\/03\/UCHWA\u0141A_SIEC\u0301-SZKO\u0301\u0141.pdf\">Uchwa\u0142a Rady Gminy Podedw\u00f3rze w sprawie dostosowanie sieci szk\u00f3\u0142 podstawowych i gimnazj\u00f3w do nowego ustroju szkolnego, a tak\u017ce okre\u015blenie granic obwod\u00f3w.pdf<\/a><\/p>\n<p><a href=\"http:\/\/zpo.podedworze.pl\/wp-content\/uploads\/2017\/03\/PORADNIK-DLA-RODZICO\u0301W-6-i-7-latko\u0301w.pdf\">PORADNIK DLA RODZICO\u0301W 6 i 7 &#8211; latko\u0301w<\/a><\/p>\n<p><\/p>","protected":false},"excerpt":{"rendered":"<p>WNIOSEK O OBJ\u0118CIE DZIECKA DO\u017bYWIANIEM\/REZYGNACJA Z DO\u017bYWIANIA DNI DODATKOWO WOLNE OD ZAJ\u0118\u0106 Raport_telefony_tablety Raport_program_wychowawczo_profilaktyczny Ministerstwo Edukacji Narodowej dla rodzic\u00f3w Uchwa\u0142a Rady Gminy Podedw\u00f3rze w sprawie dostosowanie sieci szk\u00f3\u0142 podstawowych i gimnazj\u00f3w do nowego ustroju szkolnego,&#8230;<\/p>\n","protected":false},"author":1,"featured_media":0,"parent":0,"menu_order":0,"comment_status":"closed","ping_status":"closed","template":"","meta":{"footnotes":""},"class_list":["post-568","page","type-page","status-publish","hentry"],"_links":{"self":[{"href":"http:\/\/zpo.podedworze.pl\/index.php\/wp-json\/wp\/v2\/pages\/568","targetHints":{"allow":["GET"]}}],"collection":[{"href":"http:\/\/zpo.podedworze.pl\/index.php\/wp-json\/wp\/v2\/pages"}],"about":[{"href":"http:\/\/zpo.podedworze.pl\/index.php\/wp-json\/wp\/v2\/types\/page"}],"author":[{"embeddable":true,"href":"http:\/\/zpo.podedworze.pl\/index.php\/wp-json\/wp\/v2\/users\/1"}],"replies":[{"embeddable":true,"href":"http:\/\/zpo.podedworze.pl\/index.php\/wp-json\/wp\/v2\/comments?post=568"}],"version-history":[{"count":85,"href":"http:\/\/zpo.podedworze.pl\/index.php\/wp-json\/wp\/v2\/pages\/568\/revisions"}],"predecessor-version":[{"id":34327,"href":"http:\/\/zpo.podedworze.pl\/index.php\/wp-json\/wp\/v2\/pages\/568\/revisions\/34327"}],"wp:attachment":[{"href":"http:\/\/zpo.podedworze.pl\/index.php\/wp-json\/wp\/v2\/media?parent=568"}],"curies":[{"name":"wp","href":"https:\/\/api.w.org\/{rel}","templated":true}]}}