{"id":776,"date":"2017-04-07T07:02:49","date_gmt":"2017-04-07T05:02:49","guid":{"rendered":"http:\/\/zpo.podedworze.pl\/?page_id=776"},"modified":"2024-09-30T16:22:14","modified_gmt":"2024-09-30T14:22:14","slug":"projekty-zrealizowane","status":"publish","type":"page","link":"http:\/\/zpo.podedworze.pl\/index.php\/projekty-zrealizowane\/","title":{"rendered":"Projekty"},"content":{"rendered":"<p><a href=\"http:\/\/www.gmina-podedworze.pl\/index.php?option=com_content&amp;view=article&amp;id=209&amp;Itemid=37\">AKADEMIA EFEKTYWNEJ NAUKI<\/a><\/p>\n<div class=\"page\" title=\"Page 1\">\n<div class=\"section\">\n<div class=\"layoutArea\">\n<div class=\"column\">\n<p><a href=\"http:\/\/zpo.podedworze.pl\/wp-content\/uploads\/2017\/04\/PRZYJAZNE-PRZEDSZKOLE-W-GMINIE-PODEDWO\u0301RZE_2009-2011.pdf\">PRZYJAZNE PRZEDSZKOLE W GMINIE PODEDWO\u0301RZE<\/a><\/p>\n<p><a href=\"http:\/\/zpo.podedworze.pl\/wp-content\/uploads\/2017\/04\/CHCEMY-BYC\u0301-LEPSI.pdf\">CHCEMY BYC\u0301 LEPSI<\/a><\/p>\n<p><a href=\"http:\/\/zpo.podedworze.pl\/wp-content\/uploads\/2017\/04\/Taniec-\u0142agodzi-obyczaje.pdf\">Projekt Warsztaty taneczne &#8211; Taniec \u0142agodzi obyczaje<\/a><\/p>\n<p><a href=\"http:\/\/zpo.podedworze.pl\/index.php\/2017\/06\/11\/podsumowanie-projektu-warsztaty-taneczne-taniec-lagodzi-obyczaje\/\">Podsumowanie Projektu: Warsztaty taneczne -Taniec \u0142agodzi obyczaje<\/a><\/p>\n<p><a href=\"http:\/\/zpo.podedworze.pl\/index.php\/szkola-nowych-mozliwosci\/\">Szko\u0142a nowych mo\u017cliwo\u015bci<\/a><\/p>\n<p>\u201eNowoczesna szko\u0142a &#8211; wdro\u017cenie programu rozwojowego<br>w Szkole Podstawowej w Podedw\u00f3rzu\u201d&nbsp;<\/p>\n<\/div>\n<\/div>\n<\/div>\n<\/div>\n\n\n<div class=\"wp-block-file\"><a id=\"wp-block-file--media-ec3ada5d-9b0b-4e92-bbba-a446fcc9ce82\" href=\"http:\/\/zpo.podedworze.pl\/wp-content\/uploads\/2024\/09\/Nowoczesna-szkola.pdf\">Nowoczesna-szkola<\/a><a href=\"http:\/\/zpo.podedworze.pl\/wp-content\/uploads\/2024\/09\/Nowoczesna-szkola.pdf\" class=\"wp-block-file__button\" download aria-describedby=\"wp-block-file--media-ec3ada5d-9b0b-4e92-bbba-a446fcc9ce82\">Pobierz<\/a><\/div>\n\n\n\n<p><a href=\"https:\/\/www.facebook.com\/hashtag\/funduszeeuropejskie?__eep__=6&amp;__cft__[0]=AZXXeJV1Eq-mkic4ZEXxCg6Ubp_5IoIKLynJFi-M2-xJp-1Zela-5tlv7EZDG7mpaY8_nvlNPqRkc0UrZCWh0EwpTXTb5HrcjS3oJsHd3subbYIAozmfVqHqOwjahVcsT0A9NZ_JS0Wp_Tm3897auReTaOHLYLZ7h9n-AO0W-yxz8Q&amp;__tn__=*NK-R\">#FunduszeEuropejskie<\/a><a href=\"https:\/\/www.facebook.com\/hashtag\/funduszeue?__eep__=6&amp;__cft__[0]=AZXXeJV1Eq-mkic4ZEXxCg6Ubp_5IoIKLynJFi-M2-xJp-1Zela-5tlv7EZDG7mpaY8_nvlNPqRkc0UrZCWh0EwpTXTb5HrcjS3oJsHd3subbYIAozmfVqHqOwjahVcsT0A9NZ_JS0Wp_Tm3897auReTaOHLYLZ7h9n-AO0W-yxz8Q&amp;__tn__=*NK-R\">#FunduszeUE<\/a><\/p>\n\n\n\n<p><\/p>\n","protected":false},"excerpt":{"rendered":"<p>AKADEMIA EFEKTYWNEJ NAUKI PRZYJAZNE PRZEDSZKOLE W GMINIE PODEDWO\u0301RZE CHCEMY BYC\u0301 LEPSI Projekt Warsztaty taneczne &#8211; Taniec \u0142agodzi obyczaje Podsumowanie Projektu: Warsztaty taneczne -Taniec \u0142agodzi obyczaje Szko\u0142a nowych mo\u017cliwo\u015bci \u201eNowoczesna szko\u0142a &#8211; wdro\u017cenie programu rozwojowegow Szkole&#8230;<\/p>\n","protected":false},"author":1,"featured_media":0,"parent":0,"menu_order":0,"comment_status":"closed","ping_status":"closed","template":"","meta":{"footnotes":""},"class_list":["post-776","page","type-page","status-publish","hentry"],"_links":{"self":[{"href":"http:\/\/zpo.podedworze.pl\/index.php\/wp-json\/wp\/v2\/pages\/776","targetHints":{"allow":["GET"]}}],"collection":[{"href":"http:\/\/zpo.podedworze.pl\/index.php\/wp-json\/wp\/v2\/pages"}],"about":[{"href":"http:\/\/zpo.podedworze.pl\/index.php\/wp-json\/wp\/v2\/types\/page"}],"author":[{"embeddable":true,"href":"http:\/\/zpo.podedworze.pl\/index.php\/wp-json\/wp\/v2\/users\/1"}],"replies":[{"embeddable":true,"href":"http:\/\/zpo.podedworze.pl\/index.php\/wp-json\/wp\/v2\/comments?post=776"}],"version-history":[{"count":12,"href":"http:\/\/zpo.podedworze.pl\/index.php\/wp-json\/wp\/v2\/pages\/776\/revisions"}],"predecessor-version":[{"id":28427,"href":"http:\/\/zpo.podedworze.pl\/index.php\/wp-json\/wp\/v2\/pages\/776\/revisions\/28427"}],"wp:attachment":[{"href":"http:\/\/zpo.podedworze.pl\/index.php\/wp-json\/wp\/v2\/media?parent=776"}],"curies":[{"name":"wp","href":"https:\/\/api.w.org\/{rel}","templated":true}]}}